{"id":312,"date":"2020-09-11T04:24:26","date_gmt":"2020-09-11T04:24:26","guid":{"rendered":"https:\/\/www.promusicakrosno.pl\/index.php\/contact-us\/"},"modified":"2024-06-21T11:08:39","modified_gmt":"2024-06-21T11:08:39","slug":"kontakt","status":"publish","type":"page","link":"https:\/\/promusicakrosno.pl\/index.php\/kontakt\/","title":{"rendered":"Kontakt"},"content":{"rendered":"\t\t<div data-elementor-type=\"wp-page\" data-elementor-id=\"312\" class=\"elementor elementor-312\">\n\t\t\t\t\t\t<section class=\"elementor-section elementor-top-section elementor-element elementor-element-949f45c elementor-section-full_width elementor-section-content-bottom elementor-section-height-default elementor-section-height-default\" data-id=\"949f45c\" data-element_type=\"section\" data-settings=\"{&quot;background_background&quot;:&quot;classic&quot;}\">\n\t\t\t\t\t\t<div class=\"elementor-container elementor-column-gap-no\">\n\t\t\t\t\t<div class=\"elementor-column elementor-col-50 elementor-top-column elementor-element elementor-element-81d8bad\" data-id=\"81d8bad\" data-element_type=\"column\">\n\t\t\t<div class=\"elementor-widget-wrap elementor-element-populated\">\n\t\t\t\t\t\t<div class=\"elementor-element elementor-element-41e33ef animated-slow elementor-invisible elementor-widget elementor-widget-image\" data-id=\"41e33ef\" data-element_type=\"widget\" data-settings=\"{&quot;_animation&quot;:&quot;fadeIn&quot;}\" data-widget_type=\"image.default\">\n\t\t\t\t<div class=\"elementor-widget-container\">\n\t\t\t\t\t\t\t\t\t\t\t\t\t\t\t<img fetchpriority=\"high\" decoding=\"async\" width=\"300\" height=\"223\" src=\"https:\/\/promusicakrosno.pl\/wp-content\/uploads\/2022\/02\/25promusici-300x223.jpg\" class=\"attachment-medium size-medium wp-image-920\" alt=\"\" srcset=\"https:\/\/promusicakrosno.pl\/wp-content\/uploads\/2022\/02\/25promusici-300x223.jpg 300w, https:\/\/promusicakrosno.pl\/wp-content\/uploads\/2022\/02\/25promusici-768x570.jpg 768w, https:\/\/promusicakrosno.pl\/wp-content\/uploads\/2022\/02\/25promusici.jpg 919w\" sizes=\"(max-width: 300px) 100vw, 300px\" \/>\t\t\t\t\t\t\t\t\t\t\t\t\t\t\t<\/div>\n\t\t\t\t<\/div>\n\t\t\t\t<div class=\"elementor-element elementor-element-53a5134 elementor-widget elementor-widget-image\" data-id=\"53a5134\" data-element_type=\"widget\" data-widget_type=\"image.default\">\n\t\t\t\t<div class=\"elementor-widget-container\">\n\t\t\t\t\t\t\t\t\t\t\t\t\t\t\t<img decoding=\"async\" width=\"1024\" height=\"424\" src=\"https:\/\/promusicakrosno.pl\/wp-content\/uploads\/2020\/09\/piano-tutor-musical-note-bg-1024x424.jpg\" class=\"attachment-large size-large wp-image-68\" alt=\"\" srcset=\"https:\/\/promusicakrosno.pl\/wp-content\/uploads\/2020\/09\/piano-tutor-musical-note-bg-1024x424.jpg 1024w, https:\/\/promusicakrosno.pl\/wp-content\/uploads\/2020\/09\/piano-tutor-musical-note-bg-300x124.jpg 300w, https:\/\/promusicakrosno.pl\/wp-content\/uploads\/2020\/09\/piano-tutor-musical-note-bg-768x318.jpg 768w, https:\/\/promusicakrosno.pl\/wp-content\/uploads\/2020\/09\/piano-tutor-musical-note-bg-1536x636.jpg 1536w, https:\/\/promusicakrosno.pl\/wp-content\/uploads\/2020\/09\/piano-tutor-musical-note-bg.jpg 1920w\" sizes=\"(max-width: 1024px) 100vw, 1024px\" \/>\t\t\t\t\t\t\t\t\t\t\t\t\t\t\t<\/div>\n\t\t\t\t<\/div>\n\t\t\t\t\t<\/div>\n\t\t<\/div>\n\t\t\t\t<div class=\"elementor-column elementor-col-50 elementor-top-column elementor-element elementor-element-e7dda5e\" data-id=\"e7dda5e\" data-element_type=\"column\">\n\t\t\t<div class=\"elementor-widget-wrap elementor-element-populated\">\n\t\t\t\t\t\t<div class=\"elementor-element elementor-element-8cd4cef elementor-invisible elementor-widget elementor-widget-heading\" data-id=\"8cd4cef\" data-element_type=\"widget\" data-settings=\"{&quot;_animation&quot;:&quot;fadeInRight&quot;}\" data-widget_type=\"heading.default\">\n\t\t\t\t<div class=\"elementor-widget-container\">\n\t\t\t\t\t<h2 class=\"elementor-heading-title elementor-size-default\">KONTAKT<\/h2>\t\t\t\t<\/div>\n\t\t\t\t<\/div>\n\t\t\t\t<div class=\"elementor-element elementor-element-97d811e elementor-icon-list--layout-traditional elementor-list-item-link-full_width elementor-widget elementor-widget-icon-list\" data-id=\"97d811e\" data-element_type=\"widget\" data-widget_type=\"icon-list.default\">\n\t\t\t\t<div class=\"elementor-widget-container\">\n\t\t\t\t\t\t\t<ul class=\"elementor-icon-list-items\">\n\t\t\t\t\t\t\t<li class=\"elementor-icon-list-item\">\n\t\t\t\t\t\t\t\t\t\t\t<span class=\"elementor-icon-list-icon\">\n\t\t\t\t\t\t\t<i aria-hidden=\"true\" class=\"fas fa-home\"><\/i>\t\t\t\t\t\t<\/span>\n\t\t\t\t\t\t\t\t\t\t<span class=\"elementor-icon-list-text\">ul.\u015aw.Wojciecha 8 <br>38-400 Krosno<\/span>\n\t\t\t\t\t\t\t\t\t<\/li>\n\t\t\t\t\t\t\t\t<li class=\"elementor-icon-list-item\">\n\t\t\t\t\t\t\t\t\t\t\t<span class=\"elementor-icon-list-icon\">\n\t\t\t\t\t\t\t<i aria-hidden=\"true\" class=\"fas fa-phone\"><\/i>\t\t\t\t\t\t<\/span>\n\t\t\t\t\t\t\t\t\t\t<span class=\"elementor-icon-list-text\">13 4321 485<\/span>\n\t\t\t\t\t\t\t\t\t<\/li>\n\t\t\t\t\t\t\t\t<li class=\"elementor-icon-list-item\">\n\t\t\t\t\t\t\t\t\t\t\t<span class=\"elementor-icon-list-icon\">\n\t\t\t\t\t\t\t<i aria-hidden=\"true\" class=\"fas fa-phone\"><\/i>\t\t\t\t\t\t<\/span>\n\t\t\t\t\t\t\t\t\t\t<span class=\"elementor-icon-list-text\">603644555<\/span>\n\t\t\t\t\t\t\t\t\t<\/li>\n\t\t\t\t\t\t\t\t<li class=\"elementor-icon-list-item\">\n\t\t\t\t\t\t\t\t\t\t\t<a href=\"http:\/\/promusicakrosno@poczta.onet.pl\">\n\n\t\t\t\t\t\t\t\t\t\t\t\t<span class=\"elementor-icon-list-icon\">\n\t\t\t\t\t\t\t<i aria-hidden=\"true\" class=\"fas fa-envelope\"><\/i>\t\t\t\t\t\t<\/span>\n\t\t\t\t\t\t\t\t\t\t<span class=\"elementor-icon-list-text\">promusicakrosno@poczta.onet.pl<\/span>\n\t\t\t\t\t\t\t\t\t\t\t<\/a>\n\t\t\t\t\t\t\t\t\t<\/li>\n\t\t\t\t\t\t<\/ul>\n\t\t\t\t\t\t<\/div>\n\t\t\t\t<\/div>\n\t\t\t\t<div class=\"elementor-element elementor-element-daa16e9 elementor-widget elementor-widget-text-editor\" data-id=\"daa16e9\" data-element_type=\"widget\" data-widget_type=\"text-editor.default\">\n\t\t\t\t<div class=\"elementor-widget-container\">\n\t\t\t\t\t\t\t\t\t<p>Prywatna Szko\u0142a Muzyczna Pro Musica znajduje si\u0119 w Kro\u015bnie w dzielnicy Zawodzie<\/p>\t\t\t\t\t\t\t\t<\/div>\n\t\t\t\t<\/div>\n\t\t\t\t\t<\/div>\n\t\t<\/div>\n\t\t\t\t\t<\/div>\n\t\t<\/section>\n\t\t\t\t<section class=\"elementor-section elementor-top-section elementor-element elementor-element-31b125b elementor-section-boxed elementor-section-height-default elementor-section-height-default\" data-id=\"31b125b\" data-element_type=\"section\" data-settings=\"{&quot;background_background&quot;:&quot;classic&quot;}\">\n\t\t\t\t\t\t\t<div class=\"elementor-background-overlay\"><\/div>\n\t\t\t\t\t\t\t<div class=\"elementor-container elementor-column-gap-no\">\n\t\t\t\t\t<div class=\"elementor-column elementor-col-100 elementor-top-column elementor-element elementor-element-835599f\" data-id=\"835599f\" data-element_type=\"column\">\n\t\t\t<div class=\"elementor-widget-wrap elementor-element-populated\">\n\t\t\t\t\t\t<div class=\"elementor-element elementor-element-da967a0 elementor-align-center elementor-widget elementor-widget-button\" data-id=\"da967a0\" data-element_type=\"widget\" data-widget_type=\"button.default\">\n\t\t\t\t<div class=\"elementor-widget-container\">\n\t\t\t\t\t\t\t\t\t<div class=\"elementor-button-wrapper\">\n\t\t\t\t\t<a class=\"elementor-button elementor-button-link elementor-size-sm\" href=\"https:\/\/www.google.pl\/maps\/place\/Prywatna+Szko\u0142a+Muzyczna+I+i+II+st.+Pro+Musica\/@49.69784,21.7768383,17z\/data=!3m1!4b1!4m5!3m4!1s0x473c4f4fd8098001:0xca29aac62db4d298!8m2!3d49.6979013!4d21.7790644\">\n\t\t\t\t\t\t<span class=\"elementor-button-content-wrapper\">\n\t\t\t\t\t\t\t\t\t<span class=\"elementor-button-text\">jak dojecha\u0107<\/span>\n\t\t\t\t\t<\/span>\n\t\t\t\t\t<\/a>\n\t\t\t\t<\/div>\n\t\t\t\t\t\t\t\t<\/div>\n\t\t\t\t<\/div>\n\t\t\t\t<div class=\"elementor-element elementor-element-1145620 animated-slow elementor-invisible elementor-widget elementor-widget-heading\" data-id=\"1145620\" data-element_type=\"widget\" data-settings=\"{&quot;_animation&quot;:&quot;fadeInRight&quot;}\" data-widget_type=\"heading.default\">\n\t\t\t\t<div class=\"elementor-widget-container\">\n\t\t\t\t\t<h3 class=\"elementor-heading-title elementor-size-default\">skontaktuj si\u0119 z nami<\/h3>\t\t\t\t<\/div>\n\t\t\t\t<\/div>\n\t\t\t\t<div class=\"elementor-element elementor-element-4a3dadf elementor-invisible elementor-widget elementor-widget-text-editor\" data-id=\"4a3dadf\" data-element_type=\"widget\" data-settings=\"{&quot;_animation&quot;:&quot;fadeIn&quot;}\" data-widget_type=\"text-editor.default\">\n\t\t\t\t<div class=\"elementor-widget-container\">\n\t\t\t\t\t\t\t\t\t<p style=\"text-align: center;\">\u00a0 \u00a0 \u00a0 \u00a0 \u00a0 \u00a0 \u00a0 \u00a0 \u00a0 \u00a0 \u00a0 \u00a0Odwied\u017a nasz\u0105 szko\u0142\u0119<\/p>\t\t\t\t\t\t\t\t<\/div>\n\t\t\t\t<\/div>\n\t\t\t\t<div class=\"elementor-element elementor-element-6ad5cb9 elementor-widget-divider--view-line_icon elementor-view-default elementor-widget-divider--element-align-center elementor-widget elementor-widget-divider\" data-id=\"6ad5cb9\" data-element_type=\"widget\" data-widget_type=\"divider.default\">\n\t\t\t\t<div class=\"elementor-widget-container\">\n\t\t\t\t\t\t\t<div class=\"elementor-divider\">\n\t\t\t<span class=\"elementor-divider-separator\">\n\t\t\t\t\t\t\t<div class=\"elementor-icon elementor-divider__element\">\n\t\t\t\t\t<svg xmlns=\"http:\/\/www.w3.org\/2000\/svg\" viewBox=\"0 0 24 24\"><path d=\"M21.65,2.24a1,1,0,0,0-.8-.23l-13,2A1,1,0,0,0,7,5V15.35A3.45,3.45,0,0,0,5.5,15,3.5,3.5,0,1,0,9,18.5V10.86L20,9.17v4.18A3.45,3.45,0,0,0,18.5,13,3.5,3.5,0,1,0,22,16.5V3A1,1,0,0,0,21.65,2.24ZM5.5,20A1.5,1.5,0,1,1,7,18.5,1.5,1.5,0,0,1,5.5,20Zm13-2A1.5,1.5,0,1,1,20,16.5,1.5,1.5,0,0,1,18.5,18ZM20,7.14,9,8.83v-3L20,4.17Z\"><\/path><\/svg><\/div>\n\t\t\t\t\t\t<\/span>\n\t\t<\/div>\n\t\t\t\t\t\t<\/div>\n\t\t\t\t<\/div>\n\t\t\t\t<div class=\"elementor-element elementor-element-74539b2 elementor-widget elementor-widget-heading\" data-id=\"74539b2\" data-element_type=\"widget\" data-widget_type=\"heading.default\">\n\t\t\t\t<div class=\"elementor-widget-container\">\n\t\t\t\t\t<h2 class=\"elementor-heading-title elementor-size-default\">wy\u015blij nam wiadomo\u015b\u0107<\/h2>\t\t\t\t<\/div>\n\t\t\t\t<\/div>\n\t\t\t\t\t<\/div>\n\t\t<\/div>\n\t\t\t\t\t<\/div>\n\t\t<\/section>\n\t\t\t\t<section class=\"elementor-section elementor-top-section elementor-element elementor-element-6956e2e elementor-section-boxed elementor-section-height-default elementor-section-height-default\" data-id=\"6956e2e\" data-element_type=\"section\" data-settings=\"{&quot;background_background&quot;:&quot;classic&quot;}\">\n\t\t\t\t\t\t\t<div class=\"elementor-background-overlay\"><\/div>\n\t\t\t\t\t\t\t<div class=\"elementor-container elementor-column-gap-no\">\n\t\t\t\t\t<div class=\"elementor-column elementor-col-100 elementor-top-column elementor-element elementor-element-7a52913\" data-id=\"7a52913\" data-element_type=\"column\">\n\t\t\t<div class=\"elementor-widget-wrap elementor-element-populated\">\n\t\t\t\t\t\t<div class=\"elementor-element elementor-element-d7c76a2 elementor-widget elementor-widget-text-editor\" data-id=\"d7c76a2\" data-element_type=\"widget\" data-widget_type=\"text-editor.default\">\n\t\t\t\t<div class=\"elementor-widget-container\">\n\t\t\t\t\t\t\t\t\t<p>Prywatna Szko\u0142a Muzyczna w Kro\u015bnie<\/p>\t\t\t\t\t\t\t\t<\/div>\n\t\t\t\t<\/div>\n\t\t\t\t<div class=\"elementor-element elementor-element-3c77445 elementor-widget elementor-widget-heading\" data-id=\"3c77445\" data-element_type=\"widget\" data-widget_type=\"heading.default\">\n\t\t\t\t<div class=\"elementor-widget-container\">\n\t\t\t\t\t<h2 class=\"elementor-heading-title elementor-size-default\">Pro Musica<\/h2>\t\t\t\t<\/div>\n\t\t\t\t<\/div>\n\t\t\t\t<div class=\"elementor-element elementor-element-3e57c4f elementor-widget elementor-widget-text-editor\" data-id=\"3e57c4f\" data-element_type=\"widget\" data-widget_type=\"text-editor.default\">\n\t\t\t\t<div class=\"elementor-widget-container\">\n\t\t\t\t\t\t\t\t\t<p>est\u00a0 1989<\/p>\t\t\t\t\t\t\t\t<\/div>\n\t\t\t\t<\/div>\n\t\t\t\t<div class=\"elementor-element elementor-element-e4d0d9c elementor-widget-mobile__width-inherit elementor-align-center elementor-widget elementor-widget-button\" data-id=\"e4d0d9c\" data-element_type=\"widget\" data-widget_type=\"button.default\">\n\t\t\t\t<div class=\"elementor-widget-container\">\n\t\t\t\t\t\t\t\t\t<div class=\"elementor-button-wrapper\">\n\t\t\t\t\t<a class=\"elementor-button elementor-button-link elementor-size-sm\" href=\"#\">\n\t\t\t\t\t\t<span class=\"elementor-button-content-wrapper\">\n\t\t\t\t\t\t\t\t\t<span class=\"elementor-button-text\">przewi\u0144 w g\u00f3r\u0119<\/span>\n\t\t\t\t\t<\/span>\n\t\t\t\t\t<\/a>\n\t\t\t\t<\/div>\n\t\t\t\t\t\t\t\t<\/div>\n\t\t\t\t<\/div>\n\t\t\t\t\t<\/div>\n\t\t<\/div>\n\t\t\t\t\t<\/div>\n\t\t<\/section>\n\t\t\t\t<\/div>\n\t\t","protected":false},"excerpt":{"rendered":"<p>KONTAKT ul.\u015aw.Wojciecha 8 38-400 Krosno 13 4321 485 603644555 promusicakrosno@poczta.onet.pl Prywatna Szko\u0142a Muzyczna Pro Musica znajduje si\u0119 w Kro\u015bnie w dzielnicy Zawodzie jak dojecha\u0107 skontaktuj si\u0119 z nami \u00a0 \u00a0 \u00a0 \u00a0 \u00a0 \u00a0 \u00a0 \u00a0 \u00a0 \u00a0 \u00a0 \u00a0Odwied\u017a nasz\u0105 szko\u0142\u0119 wy\u015blij nam wiadomo\u015b\u0107 Prywatna Szko\u0142a Muzyczna w Kro\u015bnie Pro Musica est\u00a0 1989 przewi\u0144 [&hellip;]<\/p>\n","protected":false},"author":1,"featured_media":0,"parent":0,"menu_order":0,"comment_status":"closed","ping_status":"closed","template":"","meta":{"site-sidebar-layout":"no-sidebar","site-content-layout":"page-builder","ast-site-content-layout":"","site-content-style":"default","site-sidebar-style":"default","ast-global-header-display":"","ast-banner-title-visibility":"","ast-main-header-display":"","ast-hfb-above-header-display":"","ast-hfb-below-header-display":"","ast-hfb-mobile-header-display":"","site-post-title":"disabled","ast-breadcrumbs-content":"","ast-featured-img":"disabled","footer-sml-layout":"","theme-transparent-header-meta":"enabled","adv-header-id-meta":"","stick-header-meta":"","header-above-stick-meta":"","header-main-stick-meta":"","header-below-stick-meta":"","astra-migrate-meta-layouts":"default","ast-page-background-enabled":"default","ast-page-background-meta":{"desktop":{"background-color":"","background-image":"","background-repeat":"repeat","background-position":"center center","background-size":"auto","background-attachment":"scroll","background-type":"","background-media":"","overlay-type":"","overlay-color":"","overlay-opacity":"","overlay-gradient":""},"tablet":{"background-color":"","background-image":"","background-repeat":"repeat","background-position":"center center","background-size":"auto","background-attachment":"scroll","background-type":"","background-media":"","overlay-type":"","overlay-color":"","overlay-opacity":"","overlay-gradient":""},"mobile":{"background-color":"","background-image":"","background-repeat":"repeat","background-position":"center center","background-size":"auto","background-attachment":"scroll","background-type":"","background-media":"","overlay-type":"","overlay-color":"","overlay-opacity":"","overlay-gradient":""}},"ast-content-background-meta":{"desktop":{"background-color":"var(--ast-global-color-5)","background-image":"","background-repeat":"repeat","background-position":"center center","background-size":"auto","background-attachment":"scroll","background-type":"","background-media":"","overlay-type":"","overlay-color":"","overlay-opacity":"","overlay-gradient":""},"tablet":{"background-color":"var(--ast-global-color-5)","background-image":"","background-repeat":"repeat","background-position":"center center","background-size":"auto","background-attachment":"scroll","background-type":"","background-media":"","overlay-type":"","overlay-color":"","overlay-opacity":"","overlay-gradient":""},"mobile":{"background-color":"var(--ast-global-color-5)","background-image":"","background-repeat":"repeat","background-position":"center center","background-size":"auto","background-attachment":"scroll","background-type":"","background-media":"","overlay-type":"","overlay-color":"","overlay-opacity":"","overlay-gradient":""}},"footnotes":""},"folder":[],"class_list":["post-312","page","type-page","status-publish","hentry"],"yoast_head":"<!-- This site is optimized with the Yoast SEO plugin v26.6 - https:\/\/yoast.com\/wordpress\/plugins\/seo\/ -->\n<title>Kontakt - Szko\u0142a Muzyczna Krosno<\/title>\n<meta name=\"description\" content=\"Prywatna Szko\u0142a Muzyczna Pro Musica I i II stopnia w Kro\u015bnie. Studium wokalno-instrumentalne i zaj\u0119cia artystyczne dla najm\u0142odszych\" \/>\n<meta name=\"robots\" content=\"index, follow, max-snippet:-1, max-image-preview:large, max-video-preview:-1\" \/>\n<link rel=\"canonical\" href=\"https:\/\/promusicakrosno.pl\/index.php\/kontakt\/\" \/>\n<meta property=\"og:locale\" content=\"pl_PL\" \/>\n<meta property=\"og:type\" content=\"article\" \/>\n<meta property=\"og:title\" content=\"Kontakt - Szko\u0142a Muzyczna Krosno\" \/>\n<meta property=\"og:description\" content=\"Prywatna Szko\u0142a Muzyczna Pro Musica I i II stopnia w Kro\u015bnie. Studium wokalno-instrumentalne i zaj\u0119cia artystyczne dla najm\u0142odszych\" \/>\n<meta property=\"og:url\" content=\"https:\/\/promusicakrosno.pl\/index.php\/kontakt\/\" \/>\n<meta property=\"og:site_name\" content=\"Szko\u0142a Muzyczna Krosno\" \/>\n<meta property=\"article:modified_time\" content=\"2024-06-21T11:08:39+00:00\" \/>\n<meta property=\"og:image\" content=\"https:\/\/www.promusicakrosno.pl\/wp-content\/uploads\/2022\/02\/25promusici-300x223.jpg\" \/>\n<meta name=\"twitter:card\" content=\"summary_large_image\" \/>\n<meta name=\"twitter:label1\" content=\"Szacowany czas czytania\" \/>\n\t<meta name=\"twitter:data1\" content=\"1 minuta\" \/>\n<script type=\"application\/ld+json\" class=\"yoast-schema-graph\">{\"@context\":\"https:\/\/schema.org\",\"@graph\":[{\"@type\":\"WebPage\",\"@id\":\"https:\/\/promusicakrosno.pl\/index.php\/kontakt\/\",\"url\":\"https:\/\/promusicakrosno.pl\/index.php\/kontakt\/\",\"name\":\"Kontakt - Szko\u0142a Muzyczna Krosno\",\"isPartOf\":{\"@id\":\"https:\/\/promusicakrosno.pl\/#website\"},\"primaryImageOfPage\":{\"@id\":\"https:\/\/promusicakrosno.pl\/index.php\/kontakt\/#primaryimage\"},\"image\":{\"@id\":\"https:\/\/promusicakrosno.pl\/index.php\/kontakt\/#primaryimage\"},\"thumbnailUrl\":\"https:\/\/www.promusicakrosno.pl\/wp-content\/uploads\/2022\/02\/25promusici-300x223.jpg\",\"datePublished\":\"2020-09-11T04:24:26+00:00\",\"dateModified\":\"2024-06-21T11:08:39+00:00\",\"description\":\"Prywatna Szko\u0142a Muzyczna Pro Musica I i II stopnia w Kro\u015bnie. Studium wokalno-instrumentalne i zaj\u0119cia artystyczne dla najm\u0142odszych\",\"breadcrumb\":{\"@id\":\"https:\/\/promusicakrosno.pl\/index.php\/kontakt\/#breadcrumb\"},\"inLanguage\":\"pl-PL\",\"potentialAction\":[{\"@type\":\"ReadAction\",\"target\":[\"https:\/\/promusicakrosno.pl\/index.php\/kontakt\/\"]}]},{\"@type\":\"ImageObject\",\"inLanguage\":\"pl-PL\",\"@id\":\"https:\/\/promusicakrosno.pl\/index.php\/kontakt\/#primaryimage\",\"url\":\"https:\/\/www.promusicakrosno.pl\/wp-content\/uploads\/2022\/02\/25promusici-300x223.jpg\",\"contentUrl\":\"https:\/\/www.promusicakrosno.pl\/wp-content\/uploads\/2022\/02\/25promusici-300x223.jpg\"},{\"@type\":\"BreadcrumbList\",\"@id\":\"https:\/\/promusicakrosno.pl\/index.php\/kontakt\/#breadcrumb\",\"itemListElement\":[{\"@type\":\"ListItem\",\"position\":1,\"name\":\"Strona g\u0142\u00f3wna\",\"item\":\"https:\/\/promusicakrosno.pl\/\"},{\"@type\":\"ListItem\",\"position\":2,\"name\":\"Kontakt\"}]},{\"@type\":\"WebSite\",\"@id\":\"https:\/\/promusicakrosno.pl\/#website\",\"url\":\"https:\/\/promusicakrosno.pl\/\",\"name\":\"Szko\u0142a Muzyczna Krosno\",\"description\":\"Pro Musica\",\"publisher\":{\"@id\":\"https:\/\/promusicakrosno.pl\/#organization\"},\"potentialAction\":[{\"@type\":\"SearchAction\",\"target\":{\"@type\":\"EntryPoint\",\"urlTemplate\":\"https:\/\/promusicakrosno.pl\/?s={search_term_string}\"},\"query-input\":{\"@type\":\"PropertyValueSpecification\",\"valueRequired\":true,\"valueName\":\"search_term_string\"}}],\"inLanguage\":\"pl-PL\"},{\"@type\":\"Organization\",\"@id\":\"https:\/\/promusicakrosno.pl\/#organization\",\"name\":\"Szko\u0142a Muzyczna Krosno\",\"url\":\"https:\/\/promusicakrosno.pl\/\",\"logo\":{\"@type\":\"ImageObject\",\"inLanguage\":\"pl-PL\",\"@id\":\"https:\/\/promusicakrosno.pl\/#\/schema\/logo\/image\/\",\"url\":\"https:\/\/promusicakrosno.pl\/wp-content\/uploads\/2022\/02\/logo_png_bez_tla.png\",\"contentUrl\":\"https:\/\/promusicakrosno.pl\/wp-content\/uploads\/2022\/02\/logo_png_bez_tla.png\",\"width\":271,\"height\":159,\"caption\":\"Szko\u0142a Muzyczna Krosno\"},\"image\":{\"@id\":\"https:\/\/promusicakrosno.pl\/#\/schema\/logo\/image\/\"}}]}<\/script>\n<!-- \/ Yoast SEO plugin. -->","yoast_head_json":{"title":"Kontakt - Szko\u0142a Muzyczna Krosno","description":"Prywatna Szko\u0142a Muzyczna Pro Musica I i II stopnia w Kro\u015bnie. Studium wokalno-instrumentalne i zaj\u0119cia artystyczne dla najm\u0142odszych","robots":{"index":"index","follow":"follow","max-snippet":"max-snippet:-1","max-image-preview":"max-image-preview:large","max-video-preview":"max-video-preview:-1"},"canonical":"https:\/\/promusicakrosno.pl\/index.php\/kontakt\/","og_locale":"pl_PL","og_type":"article","og_title":"Kontakt - Szko\u0142a Muzyczna Krosno","og_description":"Prywatna Szko\u0142a Muzyczna Pro Musica I i II stopnia w Kro\u015bnie. Studium wokalno-instrumentalne i zaj\u0119cia artystyczne dla najm\u0142odszych","og_url":"https:\/\/promusicakrosno.pl\/index.php\/kontakt\/","og_site_name":"Szko\u0142a Muzyczna Krosno","article_modified_time":"2024-06-21T11:08:39+00:00","og_image":[{"url":"https:\/\/www.promusicakrosno.pl\/wp-content\/uploads\/2022\/02\/25promusici-300x223.jpg","type":"","width":"","height":""}],"twitter_card":"summary_large_image","twitter_misc":{"Szacowany czas czytania":"1 minuta"},"schema":{"@context":"https:\/\/schema.org","@graph":[{"@type":"WebPage","@id":"https:\/\/promusicakrosno.pl\/index.php\/kontakt\/","url":"https:\/\/promusicakrosno.pl\/index.php\/kontakt\/","name":"Kontakt - Szko\u0142a Muzyczna Krosno","isPartOf":{"@id":"https:\/\/promusicakrosno.pl\/#website"},"primaryImageOfPage":{"@id":"https:\/\/promusicakrosno.pl\/index.php\/kontakt\/#primaryimage"},"image":{"@id":"https:\/\/promusicakrosno.pl\/index.php\/kontakt\/#primaryimage"},"thumbnailUrl":"https:\/\/www.promusicakrosno.pl\/wp-content\/uploads\/2022\/02\/25promusici-300x223.jpg","datePublished":"2020-09-11T04:24:26+00:00","dateModified":"2024-06-21T11:08:39+00:00","description":"Prywatna Szko\u0142a Muzyczna Pro Musica I i II stopnia w Kro\u015bnie. Studium wokalno-instrumentalne i zaj\u0119cia artystyczne dla najm\u0142odszych","breadcrumb":{"@id":"https:\/\/promusicakrosno.pl\/index.php\/kontakt\/#breadcrumb"},"inLanguage":"pl-PL","potentialAction":[{"@type":"ReadAction","target":["https:\/\/promusicakrosno.pl\/index.php\/kontakt\/"]}]},{"@type":"ImageObject","inLanguage":"pl-PL","@id":"https:\/\/promusicakrosno.pl\/index.php\/kontakt\/#primaryimage","url":"https:\/\/www.promusicakrosno.pl\/wp-content\/uploads\/2022\/02\/25promusici-300x223.jpg","contentUrl":"https:\/\/www.promusicakrosno.pl\/wp-content\/uploads\/2022\/02\/25promusici-300x223.jpg"},{"@type":"BreadcrumbList","@id":"https:\/\/promusicakrosno.pl\/index.php\/kontakt\/#breadcrumb","itemListElement":[{"@type":"ListItem","position":1,"name":"Strona g\u0142\u00f3wna","item":"https:\/\/promusicakrosno.pl\/"},{"@type":"ListItem","position":2,"name":"Kontakt"}]},{"@type":"WebSite","@id":"https:\/\/promusicakrosno.pl\/#website","url":"https:\/\/promusicakrosno.pl\/","name":"Szko\u0142a Muzyczna Krosno","description":"Pro Musica","publisher":{"@id":"https:\/\/promusicakrosno.pl\/#organization"},"potentialAction":[{"@type":"SearchAction","target":{"@type":"EntryPoint","urlTemplate":"https:\/\/promusicakrosno.pl\/?s={search_term_string}"},"query-input":{"@type":"PropertyValueSpecification","valueRequired":true,"valueName":"search_term_string"}}],"inLanguage":"pl-PL"},{"@type":"Organization","@id":"https:\/\/promusicakrosno.pl\/#organization","name":"Szko\u0142a Muzyczna Krosno","url":"https:\/\/promusicakrosno.pl\/","logo":{"@type":"ImageObject","inLanguage":"pl-PL","@id":"https:\/\/promusicakrosno.pl\/#\/schema\/logo\/image\/","url":"https:\/\/promusicakrosno.pl\/wp-content\/uploads\/2022\/02\/logo_png_bez_tla.png","contentUrl":"https:\/\/promusicakrosno.pl\/wp-content\/uploads\/2022\/02\/logo_png_bez_tla.png","width":271,"height":159,"caption":"Szko\u0142a Muzyczna Krosno"},"image":{"@id":"https:\/\/promusicakrosno.pl\/#\/schema\/logo\/image\/"}}]}},"_links":{"self":[{"href":"https:\/\/promusicakrosno.pl\/index.php\/wp-json\/wp\/v2\/pages\/312","targetHints":{"allow":["GET"]}}],"collection":[{"href":"https:\/\/promusicakrosno.pl\/index.php\/wp-json\/wp\/v2\/pages"}],"about":[{"href":"https:\/\/promusicakrosno.pl\/index.php\/wp-json\/wp\/v2\/types\/page"}],"author":[{"embeddable":true,"href":"https:\/\/promusicakrosno.pl\/index.php\/wp-json\/wp\/v2\/users\/1"}],"replies":[{"embeddable":true,"href":"https:\/\/promusicakrosno.pl\/index.php\/wp-json\/wp\/v2\/comments?post=312"}],"version-history":[{"count":110,"href":"https:\/\/promusicakrosno.pl\/index.php\/wp-json\/wp\/v2\/pages\/312\/revisions"}],"predecessor-version":[{"id":3896,"href":"https:\/\/promusicakrosno.pl\/index.php\/wp-json\/wp\/v2\/pages\/312\/revisions\/3896"}],"wp:attachment":[{"href":"https:\/\/promusicakrosno.pl\/index.php\/wp-json\/wp\/v2\/media?parent=312"}],"wp:term":[{"taxonomy":"folder","embeddable":true,"href":"https:\/\/promusicakrosno.pl\/index.php\/wp-json\/wp\/v2\/folder?post=312"}],"curies":[{"name":"wp","href":"https:\/\/api.w.org\/{rel}","templated":true}]}}